{"id":53,"date":"2017-06-07T19:27:45","date_gmt":"2017-06-07T17:27:45","guid":{"rendered":"http:\/\/niksune.eu\/FineLifeTv\/fr\/?page_id=53"},"modified":"2024-10-26T20:19:40","modified_gmt":"2024-10-26T18:19:40","slug":"qui-sommes-nous","status":"publish","type":"page","link":"https:\/\/finelife.tv\/fr\/qui-sommes-nous\/","title":{"rendered":"\u00c0 Propos"},"content":{"rendered":"<p><strong>QUI SOMMES-NOUS ?<\/strong><\/p>\n<p><span style=\"color: #ff0000;\">FINELIFE TV est un site premium qui <\/span><span style=\"color: #ff0000;\">propose articles et vid\u00e9os ax\u00e9s sur la culture, le voyage, l&rsquo;art de vivre &#8230; \u00c0 c\u00f4t\u00e9 de reportages soign\u00e9s, d\u00e9bats et ITV vont questionner l\u2019\u00e9poque.<\/span><\/p>\n<p>Au menu : voyages, portraits de cr\u00e9ateurs, reportages sur l\u2019art, la mode, la gastronomie, d\u00e9couverte de lieux in\u00e9dits, d\u00e9bats et rencontres avec philosophes, \u00e9crivains et experts autour de th\u00e8mes choisis (l\u2019\u00e9cologie, le monde digital, le bien-\u00eatre, la beaut\u00e9, le voyage, l\u2019art, le style, la consommation \u2026)<\/p>\n<p>La <strong>charte \u00e9ditoriale<\/strong>, positionn\u00e9e<strong> eco-luxury<\/strong> repose sur l\u2019id\u00e9e que le Beau est une entr\u00e9e, un outil de sensibilisation aux probl\u00e9matiques actuelles.<\/p>\n<p>FineLife Tv est en soft opening. Pastilles, d\u00e9bats, ITV, corner pour collectionneurs \u2026. viendront compl\u00e9ter l\u2019offre \u00e9ditoriale.<\/p>\n<p><strong>CONTACTS<\/strong><\/p>\n<p>L\u00e9onore Cottrant<br \/>\nDirectrice de Publication \u2013 R\u00e9dactrice en Chef<br \/>\n<a href=\"mailto:leonore.cottrant@finelife.info\">leonore.cottrant@finelife.info<\/a><\/p>\n<p>R\u00e9daction<br \/>\n<a href=\"mailto:contact@finelife.info\">contact@finelife.info<\/a><\/p>\n","protected":false},"excerpt":{"rendered":"<p>QUI SOMMES-NOUS ? FINELIFE TV est un site premium qui propose articles et vid\u00e9os ax\u00e9s sur la culture, le voyage, l&rsquo;art de vivre &#8230; \u00c0 c\u00f4t\u00e9 de reportages soign\u00e9s, d\u00e9bats et ITV vont questionner l\u2019\u00e9poque. Au menu : voyages, portraits de cr\u00e9ateurs, reportages sur l\u2019art, la mode, la gastronomie, d\u00e9couverte de lieux in\u00e9dits, d\u00e9bats et [&hellip;]<\/p>\n","protected":false},"author":1,"featured_media":0,"parent":0,"menu_order":0,"comment_status":"closed","ping_status":"closed","template":"","meta":{"footnotes":""},"class_list":["post-53","page","type-page","status-publish","hentry"],"yoast_head":"<!-- This site is optimized with the Yoast SEO plugin v27.3 - https:\/\/yoast.com\/product\/yoast-seo-wordpress\/ -->\n<title>\u00c0 Propos - FineLife.tv<\/title>\n<meta name=\"robots\" content=\"index, follow, max-snippet:-1, max-image-preview:large, max-video-preview:-1\" \/>\n<link rel=\"canonical\" href=\"https:\/\/finelife.tv\/fr\/qui-sommes-nous\/\" \/>\n<meta property=\"og:locale\" content=\"fr_FR\" \/>\n<meta property=\"og:type\" content=\"article\" \/>\n<meta property=\"og:title\" content=\"\u00c0 Propos - FineLife.tv\" \/>\n<meta property=\"og:description\" content=\"QUI SOMMES-NOUS ? FINELIFE TV est un site premium qui propose articles et vid\u00e9os ax\u00e9s sur la culture, le voyage, l&rsquo;art de vivre &#8230; \u00c0 c\u00f4t\u00e9 de reportages soign\u00e9s, d\u00e9bats et ITV vont questionner l\u2019\u00e9poque. Au menu : voyages, portraits de cr\u00e9ateurs, reportages sur l\u2019art, la mode, la gastronomie, d\u00e9couverte de lieux in\u00e9dits, d\u00e9bats et [&hellip;]\" \/>\n<meta property=\"og:url\" content=\"https:\/\/finelife.tv\/fr\/qui-sommes-nous\/\" \/>\n<meta property=\"og:site_name\" content=\"FineLife.tv\" \/>\n<meta property=\"article:modified_time\" content=\"2024-10-26T18:19:40+00:00\" \/>\n<meta name=\"twitter:card\" content=\"summary_large_image\" \/>\n<meta name=\"twitter:site\" content=\"@finelifetv\" \/>\n<meta name=\"twitter:label1\" content=\"Dur\u00e9e de lecture estim\u00e9e\" \/>\n\t<meta name=\"twitter:data1\" content=\"1 minute\" \/>\n<script type=\"application\/ld+json\" class=\"yoast-schema-graph\">{\"@context\":\"https:\\\/\\\/schema.org\",\"@graph\":[{\"@type\":\"WebPage\",\"@id\":\"https:\\\/\\\/finelife.tv\\\/fr\\\/qui-sommes-nous\\\/\",\"url\":\"https:\\\/\\\/finelife.tv\\\/fr\\\/qui-sommes-nous\\\/\",\"name\":\"\u00c0 Propos - FineLife.tv\",\"isPartOf\":{\"@id\":\"https:\\\/\\\/finelife.tv\\\/fr\\\/#website\"},\"datePublished\":\"2017-06-07T17:27:45+00:00\",\"dateModified\":\"2024-10-26T18:19:40+00:00\",\"breadcrumb\":{\"@id\":\"https:\\\/\\\/finelife.tv\\\/fr\\\/qui-sommes-nous\\\/#breadcrumb\"},\"inLanguage\":\"fr-FR\",\"potentialAction\":[{\"@type\":\"ReadAction\",\"target\":[\"https:\\\/\\\/finelife.tv\\\/fr\\\/qui-sommes-nous\\\/\"]}]},{\"@type\":\"BreadcrumbList\",\"@id\":\"https:\\\/\\\/finelife.tv\\\/fr\\\/qui-sommes-nous\\\/#breadcrumb\",\"itemListElement\":[{\"@type\":\"ListItem\",\"position\":1,\"name\":\"Accueil\",\"item\":\"https:\\\/\\\/finelife.tv\\\/fr\\\/\"},{\"@type\":\"ListItem\",\"position\":2,\"name\":\"\u00c0 Propos\"}]},{\"@type\":\"WebSite\",\"@id\":\"https:\\\/\\\/finelife.tv\\\/fr\\\/#website\",\"url\":\"https:\\\/\\\/finelife.tv\\\/fr\\\/\",\"name\":\"FineLife.tv\",\"description\":\"Quand l&#039;Art de vivre croise l&#039;Art de penser\",\"potentialAction\":[{\"@type\":\"SearchAction\",\"target\":{\"@type\":\"EntryPoint\",\"urlTemplate\":\"https:\\\/\\\/finelife.tv\\\/fr\\\/?s={search_term_string}\"},\"query-input\":{\"@type\":\"PropertyValueSpecification\",\"valueRequired\":true,\"valueName\":\"search_term_string\"}}],\"inLanguage\":\"fr-FR\"}]}<\/script>\n<!-- \/ Yoast SEO plugin. -->","yoast_head_json":{"title":"\u00c0 Propos - FineLife.tv","robots":{"index":"index","follow":"follow","max-snippet":"max-snippet:-1","max-image-preview":"max-image-preview:large","max-video-preview":"max-video-preview:-1"},"canonical":"https:\/\/finelife.tv\/fr\/qui-sommes-nous\/","og_locale":"fr_FR","og_type":"article","og_title":"\u00c0 Propos - FineLife.tv","og_description":"QUI SOMMES-NOUS ? FINELIFE TV est un site premium qui propose articles et vid\u00e9os ax\u00e9s sur la culture, le voyage, l&rsquo;art de vivre &#8230; \u00c0 c\u00f4t\u00e9 de reportages soign\u00e9s, d\u00e9bats et ITV vont questionner l\u2019\u00e9poque. Au menu : voyages, portraits de cr\u00e9ateurs, reportages sur l\u2019art, la mode, la gastronomie, d\u00e9couverte de lieux in\u00e9dits, d\u00e9bats et [&hellip;]","og_url":"https:\/\/finelife.tv\/fr\/qui-sommes-nous\/","og_site_name":"FineLife.tv","article_modified_time":"2024-10-26T18:19:40+00:00","twitter_card":"summary_large_image","twitter_site":"@finelifetv","twitter_misc":{"Dur\u00e9e de lecture estim\u00e9e":"1 minute"},"schema":{"@context":"https:\/\/schema.org","@graph":[{"@type":"WebPage","@id":"https:\/\/finelife.tv\/fr\/qui-sommes-nous\/","url":"https:\/\/finelife.tv\/fr\/qui-sommes-nous\/","name":"\u00c0 Propos - FineLife.tv","isPartOf":{"@id":"https:\/\/finelife.tv\/fr\/#website"},"datePublished":"2017-06-07T17:27:45+00:00","dateModified":"2024-10-26T18:19:40+00:00","breadcrumb":{"@id":"https:\/\/finelife.tv\/fr\/qui-sommes-nous\/#breadcrumb"},"inLanguage":"fr-FR","potentialAction":[{"@type":"ReadAction","target":["https:\/\/finelife.tv\/fr\/qui-sommes-nous\/"]}]},{"@type":"BreadcrumbList","@id":"https:\/\/finelife.tv\/fr\/qui-sommes-nous\/#breadcrumb","itemListElement":[{"@type":"ListItem","position":1,"name":"Accueil","item":"https:\/\/finelife.tv\/fr\/"},{"@type":"ListItem","position":2,"name":"\u00c0 Propos"}]},{"@type":"WebSite","@id":"https:\/\/finelife.tv\/fr\/#website","url":"https:\/\/finelife.tv\/fr\/","name":"FineLife.tv","description":"Quand l&#039;Art de vivre croise l&#039;Art de penser","potentialAction":[{"@type":"SearchAction","target":{"@type":"EntryPoint","urlTemplate":"https:\/\/finelife.tv\/fr\/?s={search_term_string}"},"query-input":{"@type":"PropertyValueSpecification","valueRequired":true,"valueName":"search_term_string"}}],"inLanguage":"fr-FR"}]}},"_links":{"self":[{"href":"https:\/\/finelife.tv\/fr\/wp-json\/wp\/v2\/pages\/53","targetHints":{"allow":["GET"]}}],"collection":[{"href":"https:\/\/finelife.tv\/fr\/wp-json\/wp\/v2\/pages"}],"about":[{"href":"https:\/\/finelife.tv\/fr\/wp-json\/wp\/v2\/types\/page"}],"author":[{"embeddable":true,"href":"https:\/\/finelife.tv\/fr\/wp-json\/wp\/v2\/users\/1"}],"replies":[{"embeddable":true,"href":"https:\/\/finelife.tv\/fr\/wp-json\/wp\/v2\/comments?post=53"}],"version-history":[{"count":27,"href":"https:\/\/finelife.tv\/fr\/wp-json\/wp\/v2\/pages\/53\/revisions"}],"predecessor-version":[{"id":20716,"href":"https:\/\/finelife.tv\/fr\/wp-json\/wp\/v2\/pages\/53\/revisions\/20716"}],"wp:attachment":[{"href":"https:\/\/finelife.tv\/fr\/wp-json\/wp\/v2\/media?parent=53"}],"curies":[{"name":"wp","href":"https:\/\/api.w.org\/{rel}","templated":true}]}}